{"id":4599,"date":"2021-02-22T12:39:27","date_gmt":"2021-02-22T10:39:27","guid":{"rendered":"https:\/\/donat.wp.dev.optiweb.si\/digestion\/"},"modified":"2023-11-09T14:03:35","modified_gmt":"2023-11-09T12:03:35","slug":"verdauung","status":"publish","type":"page","link":"https:\/\/donat.wp.dev.optiweb.si\/at\/verdauung\/","title":{"rendered":"Verdauung"},"content":{"rendered":"<div id=\"\" class=\"ow_container_section  container-989 digestion-hero column-window-height move-headline-section\">\n    <div class=\"container\">\n        <div class=\"content\">\n            \n\n<div class=\"wp-block-columns column-image-absolute\">\n<div class=\"wp-block-column is-vertically-aligned-center default-column-text h64p22 column-text\">\n<h1 class=\"wp-block-heading\"><strong>K\u00fcmmern Sie <\/strong><br>sich um Ihre Verdauung.<\/h1>\n\n\n\n<p>Die Verdauung steht im Mittelpunkt unseres Wohlbefindens, weil sie sich um eine ordnungsgem\u00e4\u00dfe Funktion des ganzen Organismus k\u00fcmmert. Eine schlecht geregelte Verdauung ist eine h\u00e4ufige Ursache vieler Beschwerden, sodass man auf sie gut aufpassen muss.<\/p>\n\n\n\n<div class=\"wp-block-buttons\">\n<div class=\"wp-block-button parent-btn--green--16\"><a class=\"wp-block-button__link wp-element-button\" href=\"#about\">Lernen Sie es kennen<\/a><\/div>\n<\/div>\n<\/div>\n\n\n\n<div class=\"wp-block-column is-vertically-aligned-center column-image default-column-text\"><div class=\"wp-block-image image-position-absolute\">\n<figure class=\"alignleft size-large\"><img loading=\"lazy\" decoding=\"async\" width=\"1024\" height=\"674\" src=\"https:\/\/donat.wp.dev.optiweb.si\/wp-content\/uploads\/2021\/03\/hero-digestion-1-1024x674.jpg\" alt=\"\" class=\"wp-image-5395\" srcset=\"https:\/\/donat.wp.dev.optiweb.si\/wp-content\/uploads\/2021\/03\/hero-digestion-1-1024x674.jpg 1024w, https:\/\/donat.wp.dev.optiweb.si\/wp-content\/uploads\/2021\/03\/hero-digestion-1-300x198.jpg 300w, https:\/\/donat.wp.dev.optiweb.si\/wp-content\/uploads\/2021\/03\/hero-digestion-1.jpg 1288w\" sizes=\"auto, (max-width: 1024px) 100vw, 1024px\" \/><\/figure>\n<\/div>\n\n\n<h1 class=\"wp-block-heading mobile-headline\"><strong>K\u00fcmmern Sie <\/strong><br>sich um Ihre Verdauung.<\/h1>\n<\/div>\n<\/div>\n\n\n        <\/div>\n    <\/div>\n<\/div>\n\n<div id=\"about\" class=\"ow_container_section  digestion-lifestyle container-989  column-window-height\">\n    <div class=\"container\">\n        <div class=\"content\">\n            \n\n<div class=\"wp-block-columns\">\n<div class=\"wp-block-column is-vertically-aligned-center column-image\" style=\"flex-basis:33.33%\">\n<figure class=\"wp-block-image size-large image-position-absolute\"><img loading=\"lazy\" decoding=\"async\" width=\"475\" height=\"1024\" src=\"https:\/\/donat.wp.dev.optiweb.si\/wp-content\/uploads\/2021\/03\/tekac-1-475x1024.png\" alt=\"\" class=\"wp-image-5235\" srcset=\"https:\/\/donat.wp.dev.optiweb.si\/wp-content\/uploads\/2021\/03\/tekac-1-475x1024.png 475w, https:\/\/donat.wp.dev.optiweb.si\/wp-content\/uploads\/2021\/03\/tekac-1-139x300.png 139w, https:\/\/donat.wp.dev.optiweb.si\/wp-content\/uploads\/2021\/03\/tekac-1.png 482w\" sizes=\"auto, (max-width: 475px) 100vw, 475px\" \/><\/figure>\n<\/div>\n\n\n\n<div class=\"wp-block-column is-vertically-aligned-center text-576 column-text\" style=\"flex-basis:66.66%\">\n<p>Der heutige Lebensstill umfasst h\u00e4ufig vorverarbeitete Lebensmittel, Bewegungsmangel und andere ungesunde Gewohnheiten. Da Ihr K\u00f6rper nur eine Antwort darauf liefert, wie Sie mit ihm zurechtkommen, f\u00fchrt dies oft zu Verdauungsst\u00f6rungen und beeintr\u00e4chtigt Ihr Wohlbefinden.<\/p>\n<\/div>\n<\/div>\n\n\n        <\/div>\n    <\/div>\n<\/div>\n\n<div id=\"\" class=\"ow_container_section  digestion-balance-of-digestion  container-989 move-headline-section\">\n    <div class=\"container\">\n        <div class=\"content\">\n            \n\n<div class=\"wp-block-columns\">\n<div class=\"wp-block-column is-vertically-aligned-center default-column-text column-text\">\n<h2 class=\"wp-block-heading\"><strong><strong>F\u00fcr Ihre ausgeglichene <\/strong><\/strong><br>Verdauung<\/h2>\n\n\n\n<p>Haben Sie gewusst, dass unser Verdauungstrakt mehr als 38 Billionen lebende Bakterien beherbergt? Da jede von ihnen ihre Funktion erf\u00fcllt, ist es umso wichtiger, dass wir sie im Gleichgewicht halten.<\/p>\n\n\n\n<div class=\"wp-block-buttons\">\n<div class=\"wp-block-button parent-btn--green--16\"><a class=\"wp-block-button__link wp-element-button\" href=\"https:\/\/donat.wp.dev.optiweb.si\/at\/ueber-donat-mg\/#how-to-drink\">Wie trinkt man Donat Mg<\/a><\/div>\n<\/div>\n<\/div>\n\n\n\n<div class=\"wp-block-column is-vertically-aligned-center default-column-text column-image\">\n<h2 class=\"wp-block-heading mobile-headline\"><strong><strong>F\u00fcr Ihre ausgeglichene <\/strong><\/strong><br>Verdauung<\/h2>\n\n\n<div class=\"wp-block-image\">\n<figure class=\"alignright size-full\"><img loading=\"lazy\" decoding=\"async\" width=\"410\" height=\"524\" src=\"https:\/\/donat.wp.dev.optiweb.si\/wp-content\/uploads\/2021\/03\/crevo-ravnovesje-v2.png\" alt=\"\" class=\"wp-image-4258\" srcset=\"https:\/\/donat.wp.dev.optiweb.si\/wp-content\/uploads\/2021\/03\/crevo-ravnovesje-v2.png 410w, https:\/\/donat.wp.dev.optiweb.si\/wp-content\/uploads\/2021\/03\/crevo-ravnovesje-v2-235x300.png 235w\" sizes=\"auto, (max-width: 410px) 100vw, 410px\" \/><\/figure>\n<\/div><\/div>\n<\/div>\n\n\n        <\/div>\n    <\/div>\n<\/div>\n\n<div id=\"\" class=\"ow_container_section  container-989 digestion-medically-proven column-window-height move-headline-section\">\n    <div class=\"container\">\n        <div class=\"content\">\n            \n\n<div class=\"wp-block-columns column-image-absolute\">\n<div class=\"wp-block-column is-vertically-aligned-center column-image default-column-text\">\n<h2 class=\"wp-block-heading mobile-headline\"><strong><strong>Wissenschaftlich nachgewiesene <\/strong><\/strong><br>Wirkung von Donat Mg<\/h2>\n\n\n<div class=\"wp-block-image image-position-absolute\">\n<figure class=\"alignleft size-large\"><img loading=\"lazy\" decoding=\"async\" width=\"1024\" height=\"907\" src=\"https:\/\/donat.wp.dev.optiweb.si\/wp-content\/uploads\/2021\/03\/lab-min-1024x907.png\" alt=\"\" class=\"wp-image-6126\" srcset=\"https:\/\/donat.wp.dev.optiweb.si\/wp-content\/uploads\/2021\/03\/lab-min-1024x907.png 1024w, https:\/\/donat.wp.dev.optiweb.si\/wp-content\/uploads\/2021\/03\/lab-min-300x266.png 300w, https:\/\/donat.wp.dev.optiweb.si\/wp-content\/uploads\/2021\/03\/lab-min-113x100.png 113w, https:\/\/donat.wp.dev.optiweb.si\/wp-content\/uploads\/2021\/03\/lab-min-750x664.png 750w, https:\/\/donat.wp.dev.optiweb.si\/wp-content\/uploads\/2021\/03\/lab-min-900x797.png 900w, https:\/\/donat.wp.dev.optiweb.si\/wp-content\/uploads\/2021\/03\/lab-min.png 1084w\" sizes=\"auto, (max-width: 1024px) 100vw, 1024px\" \/><\/figure>\n<\/div><\/div>\n\n\n\n<div class=\"wp-block-column is-vertically-aligned-center default-column-text column-text\">\n<h2 class=\"wp-block-heading\"><strong><strong>Wissenschaftlich nachgewiesene <\/strong><\/strong><br>Wirkung von Donat Mg<\/h2>\n\n\n\n<p>Die Auswirkung von Donat Mg auf die Verdauung wurde in einer klinischen Studie in Deutschland 2015 wissenschaftlich nachgewiesen. Diese Studie, an denen sich zahlreiche Teilnehmer beteiligten, dauerte sechs Wochen und wurde nach allen Branchenregeln durchgef\u00fchrt, die bei der klinischen Pr\u00fcfung von Arzneimitteln zur Anwendung kommen.<\/p>\n\n\n\n<p>&nbsp;Durch diese Studie haben wir nachgewiesen, dass sich Donat Mg sich auf die Verdauung auswirkt und auf unseren K\u00f6rper wohltuend wirkt.<\/p>\n\n\n\n<div class=\"wp-block-buttons\">\n<div class=\"wp-block-button parent-btn--green--16\"><a class=\"wp-block-button__link wp-element-button\" href=\"https:\/\/donat.wp.dev.optiweb.si\/at\/ueber-donat-mg\/#how-to-drink\">Wie trinkt man Donat Mg<\/a><\/div>\n<\/div>\n<\/div>\n<\/div>\n\n\n        <\/div>\n    <\/div>\n<\/div>\n\n<div id=\"\" class=\"ow_container_section  digestion-best-advice container-989 move-headline-section \">\n    <div class=\"container\">\n        <div class=\"content\">\n            \n\n<div class=\"wp-block-columns\">\n<div class=\"wp-block-column is-vertically-aligned-center column-text #primary default-column-text h48p32\">\n<h2 class=\"wp-block-heading\"><strong>Der beste Tipp f\u00fcr eine ordnungsgem\u00e4\u00dfe Verdauung und das Wohlbefinden? <\/strong><br>M\u00e4\u00dfigkeit.<\/h2>\n\n\n\n<p>Die besten Dinge im Leben sind einfach. Dies bezieht sich ebenso auf die Tipps, wie eine ungest\u00f6rte Verdauung erhalten werden kann.<\/p>\n\n\n\n<h3 class=\"wp-block-heading\"><strong>Worum geht es dabei?<\/strong><\/h3>\n\n\n\n<ul class=\"wp-block-list\">\n<li>Vermeiden Sie vorverarbeitete Lebensmittel (z.B. Tiefk\u00fchlpizza, Suppe aus der Mikrowelle).<\/li>\n\n\n\n<li>Bewegen Sie sich regelm\u00e4\u00dfig. Dazu z\u00e4hlen auch die Spazierg\u00e4nge.<\/li>\n\n\n\n<li>F\u00fchren Sie gen\u00fcgend Fl\u00fcssigkeit zu. Wasser ist bei Weitem die beste Auswahl.<\/li>\n\n\n\n<li>F\u00fchren Sie Ihrem K\u00f6rper genug Ballaststoffe zu.<\/li>\n\n\n\n<li>Vermeiden Sie k\u00fcnstliche Abf\u00fchrstoffe, weil sie schnell zus\u00e4tzliche Beschwerden herbeif\u00fchren.<\/li>\n<\/ul>\n<\/div>\n\n\n\n<div class=\"wp-block-column is-vertically-aligned-center column-image default-column-text h48p32\">\n<h2 class=\"wp-block-heading mobile-headline\"><strong>Der beste Tipp f\u00fcr eine ordnungsgem\u00e4\u00dfe Verdauung und das Wohlbefinden? <\/strong><br>M\u00e4\u00dfigkeit.<\/h2>\n\n\n<div class=\"wp-block-image\">\n<figure class=\"alignright size-full\"><img loading=\"lazy\" decoding=\"async\" width=\"400\" height=\"720\" src=\"https:\/\/donat.wp.dev.optiweb.si\/wp-content\/uploads\/2023\/11\/bottle-au-05L.png\" alt=\"\" class=\"wp-image-189879\" srcset=\"https:\/\/donat.wp.dev.optiweb.si\/wp-content\/uploads\/2023\/11\/bottle-au-05L.png 400w, https:\/\/donat.wp.dev.optiweb.si\/wp-content\/uploads\/2023\/11\/bottle-au-05L-167x300.png 167w, https:\/\/donat.wp.dev.optiweb.si\/wp-content\/uploads\/2023\/11\/bottle-au-05L-56x100.png 56w\" sizes=\"auto, (max-width: 400px) 100vw, 400px\" \/><\/figure>\n<\/div><\/div>\n<\/div>\n\n\n        <\/div>\n    <\/div>\n<\/div>\n\n<div id=\"\" class=\"ow_container_section  container-1820\">\n    <div class=\"container\">\n        <div class=\"content\">\n            \n<div class='latest_blog_posts_horizontal'><div class='lbph__row text-holder'><div class='wp-block-columns'><div class='wp-block-column is-vertically-aligned-top  default-column-text first'><div class='hhb__text '><h2><b>Wie kann <\/b>eine gesunde Verdauung gew\u00e4hrleistet werden?<\/h2>\n<p><span style=\"font-weight: 400;\">Wir haben f\u00fcr Sie n\u00fctzliche wissenschaftliche Beilagen dar\u00fcber vorbereitet, wie man eine gesunde Verdauung gew\u00e4hrleisten kann.<\/span><\/p>\n<\/div><\/div><div class='wp-block-column is-vertically-aligned-top second'><div class='wp-block-buttons desktop'><div class='wp-block-button parent-btn--green--16'><a class='wp-block-button__link' target=''href ='https:\/\/donat.wp.dev.optiweb.si\/at\/gesundheit\/'>Alle Tipps <\/a><\/div><\/div><\/div><\/div><\/div><div class='lbph__row blog-posts-holder'><div class='blog_posts clearfix'><div class='blog_posts_col first one-third add-margin-right'><div class='blog_posts_item big '><div class='ms_post_card_wrapp'><a   href='https:\/\/donat.wp.dev.optiweb.si\/at\/mit-der-kraft-des-atems-gegen-sodbrennen-vorgehen\/'><div class='ms_post_card_bg '><img loading=\"lazy\" decoding=\"async\" width=\"550\" height=\"550\" src=\"https:\/\/donat.wp.dev.optiweb.si\/wp-content\/uploads\/2024\/04\/Donat_UrsaPremik_28149_550.jpg\" class=\"attachment-blog-550-550 size-blog-550-550\" alt=\"\u017denska se spro\u0161\u010da in izvaja dihalne vaje.\" srcset=\"https:\/\/donat.wp.dev.optiweb.si\/wp-content\/uploads\/2024\/04\/Donat_UrsaPremik_28149_550.jpg 550w, https:\/\/donat.wp.dev.optiweb.si\/wp-content\/uploads\/2024\/04\/Donat_UrsaPremik_28149_550-300x300.jpg 300w, https:\/\/donat.wp.dev.optiweb.si\/wp-content\/uploads\/2024\/04\/Donat_UrsaPremik_28149_550-150x150.jpg 150w, https:\/\/donat.wp.dev.optiweb.si\/wp-content\/uploads\/2024\/04\/Donat_UrsaPremik_28149_550-100x100.jpg 100w\" sizes=\"auto, (max-width: 550px) 100vw, 550px\" \/><\/div><div class='ms_post_card_text_wrapp'><div class='ms_post_card_text'><h3>Sodbrennen<\/h3><h2>Linderung von Sodbrennen durch Atemtechniken<\/h2><\/div><div class='ms_post_card_more'><span>Mehr<\/span><\/div><\/div><\/a><\/div><\/div><\/div><div class='blog_posts_col second two-thirds'><div class='blog_posts_row first full-width add-margin-bottom clearfix'><div class='blog_posts_item first add-margin-right one-third'><div class='ms_post_card_wrapp'><a   href='https:\/\/donat.wp.dev.optiweb.si\/at\/wie-kann-man-sich-selbst-bei-sodbrennen-helfen\/'><div class='ms_post_card_bg '><img loading=\"lazy\" decoding=\"async\" width=\"550\" height=\"550\" src=\"https:\/\/donat.wp.dev.optiweb.si\/wp-content\/uploads\/2024\/04\/Donat_UrsaPremik_21227_550.jpg\" class=\"attachment-blog-550-550 size-blog-550-550\" alt=\"Mo\u0161ki v naravi.\" srcset=\"https:\/\/donat.wp.dev.optiweb.si\/wp-content\/uploads\/2024\/04\/Donat_UrsaPremik_21227_550.jpg 550w, https:\/\/donat.wp.dev.optiweb.si\/wp-content\/uploads\/2024\/04\/Donat_UrsaPremik_21227_550-300x300.jpg 300w, https:\/\/donat.wp.dev.optiweb.si\/wp-content\/uploads\/2024\/04\/Donat_UrsaPremik_21227_550-150x150.jpg 150w, https:\/\/donat.wp.dev.optiweb.si\/wp-content\/uploads\/2024\/04\/Donat_UrsaPremik_21227_550-100x100.jpg 100w\" sizes=\"auto, (max-width: 550px) 100vw, 550px\" \/><\/div><div class='ms_post_card_text_wrapp'><div class='ms_post_card_text'><h3>Sodbrennen<\/h3><h2>Wie kann man sich bei Bl\u00e4hungen selbst helfen?<\/h2><\/div><div class='ms_post_card_more'><span>Mehr<\/span><\/div><\/div><\/a><\/div><\/div><div class='blog_posts_item second two-thirds'><div class='ms_post_card_wrapp'><a   href='https:\/\/donat.wp.dev.optiweb.si\/at\/der-einfluss-von-chronischem-stress-auf-die-verdauung\/'><div class='ms_post_card_bg '><img loading=\"lazy\" decoding=\"async\" width=\"553\" height=\"280\" src=\"https:\/\/donat.wp.dev.optiweb.si\/wp-content\/uploads\/2023\/11\/vpliv-stresa-na-prebavni-sistem-zenska-na-kavcu-553x280-1.jpg\" class=\"attachment-blog-553-280 size-blog-553-280\" alt=\"\u017eenska z bole\u010dino na kav\u010du v sodobnem domu\" srcset=\"https:\/\/donat.wp.dev.optiweb.si\/wp-content\/uploads\/2023\/11\/vpliv-stresa-na-prebavni-sistem-zenska-na-kavcu-553x280-1.jpg 553w, https:\/\/donat.wp.dev.optiweb.si\/wp-content\/uploads\/2023\/11\/vpliv-stresa-na-prebavni-sistem-zenska-na-kavcu-553x280-1-300x152.jpg 300w, https:\/\/donat.wp.dev.optiweb.si\/wp-content\/uploads\/2023\/11\/vpliv-stresa-na-prebavni-sistem-zenska-na-kavcu-553x280-1-198x100.jpg 198w\" sizes=\"auto, (max-width: 553px) 100vw, 553px\" \/><\/div><div class='ms_post_card_text_wrapp'><div class='ms_post_card_text'><h3>Verdauung<\/h3><h2>Die Auswirkung von Stress auf das Verdauungssystem<\/h2><\/div><div class='ms_post_card_more'><span>Mehr<\/span><\/div><\/div><\/a><\/div><\/div><\/div><div class='blog_posts_row second full-width clearfix'><div class='blog_posts_item first two-thirds add-margin-right '><div class='ms_post_card_wrapp'><a   href='https:\/\/donat.wp.dev.optiweb.si\/at\/die-rolle-der-ernaehrung-bei-der-stressbewaeltigung\/'><div class='ms_post_card_bg '><img loading=\"lazy\" decoding=\"async\" width=\"553\" height=\"280\" src=\"https:\/\/donat.wp.dev.optiweb.si\/wp-content\/uploads\/2023\/11\/donat_definicija_hrane-553x280-1.jpg\" class=\"attachment-blog-553-280 size-blog-553-280\" alt=\"\u017eenska obdana s sadjem za zdravi obrok, healthy lifestyle\" srcset=\"https:\/\/donat.wp.dev.optiweb.si\/wp-content\/uploads\/2023\/11\/donat_definicija_hrane-553x280-1.jpg 553w, https:\/\/donat.wp.dev.optiweb.si\/wp-content\/uploads\/2023\/11\/donat_definicija_hrane-553x280-1-300x152.jpg 300w, https:\/\/donat.wp.dev.optiweb.si\/wp-content\/uploads\/2023\/11\/donat_definicija_hrane-553x280-1-198x100.jpg 198w\" sizes=\"auto, (max-width: 553px) 100vw, 553px\" \/><\/div><div class='ms_post_card_text_wrapp'><div class='ms_post_card_text'><h3>Verdauung<\/h3><h2>Die Rolle der Ern\u00e4hrung bei Stress und Verdauung<\/h2><\/div><div class='ms_post_card_more'><span>Mehr<\/span><\/div><\/div><\/a><\/div><\/div><div class='blog_posts_item second one-third'><div class='ms_post_card_wrapp'><a   href='https:\/\/donat.wp.dev.optiweb.si\/at\/bezwingen-sie-stress-und-traege-verdauung-durch-die-ernaehrung\/'><div class='ms_post_card_bg '><img loading=\"lazy\" decoding=\"async\" width=\"550\" height=\"550\" src=\"https:\/\/donat.wp.dev.optiweb.si\/wp-content\/uploads\/2023\/11\/kako-s-prehrano-ucinkovito-upravljati-s-stresom-za-zdravje-prebave-550x550-1.jpg\" class=\"attachment-blog-550-550 size-blog-550-550\" alt=\"women cooking healthy meal in the kitchen\" srcset=\"https:\/\/donat.wp.dev.optiweb.si\/wp-content\/uploads\/2023\/11\/kako-s-prehrano-ucinkovito-upravljati-s-stresom-za-zdravje-prebave-550x550-1.jpg 550w, https:\/\/donat.wp.dev.optiweb.si\/wp-content\/uploads\/2023\/11\/kako-s-prehrano-ucinkovito-upravljati-s-stresom-za-zdravje-prebave-550x550-1-300x300.jpg 300w, https:\/\/donat.wp.dev.optiweb.si\/wp-content\/uploads\/2023\/11\/kako-s-prehrano-ucinkovito-upravljati-s-stresom-za-zdravje-prebave-550x550-1-150x150.jpg 150w, https:\/\/donat.wp.dev.optiweb.si\/wp-content\/uploads\/2023\/11\/kako-s-prehrano-ucinkovito-upravljati-s-stresom-za-zdravje-prebave-550x550-1-100x100.jpg 100w\" sizes=\"auto, (max-width: 550px) 100vw, 550px\" \/><\/div><div class='ms_post_card_text_wrapp'><div class='ms_post_card_text'><h3>Verdauung<\/h3><h2>Wie man Stress durch Ern\u00e4hrung effektiv bew\u00e4ltigt und f\u00fcr ein gesundes Verdauungssystem sorgt<\/h2><\/div><div class='ms_post_card_more'><span>Mehr<\/span><\/div><\/div><\/a><\/div><\/div><\/div><\/div><\/div><\/div><div class='wp-block-buttons mobile'><div class='wp-block-button parent-btn--green--16'><a class='wp-block-button__link' target=''href ='https:\/\/donat.wp.dev.optiweb.si\/at\/gesundheit\/'>Alle Tipps <\/a><\/div><\/div><\/div>\n\n        <\/div>\n    <\/div>\n<\/div>","protected":false},"excerpt":{"rendered":"","protected":false},"author":1,"featured_media":0,"parent":0,"menu_order":0,"comment_status":"closed","ping_status":"closed","template":"","meta":{"_acf_changed":false,"footnotes":""},"class_list":["post-4599","page","type-page","status-publish","hentry"],"acf":[],"_links":{"self":[{"href":"https:\/\/donat.wp.dev.optiweb.si\/at\/wp-json\/wp\/v2\/pages\/4599","targetHints":{"allow":["GET"]}}],"collection":[{"href":"https:\/\/donat.wp.dev.optiweb.si\/at\/wp-json\/wp\/v2\/pages"}],"about":[{"href":"https:\/\/donat.wp.dev.optiweb.si\/at\/wp-json\/wp\/v2\/types\/page"}],"author":[{"embeddable":true,"href":"https:\/\/donat.wp.dev.optiweb.si\/at\/wp-json\/wp\/v2\/users\/1"}],"replies":[{"embeddable":true,"href":"https:\/\/donat.wp.dev.optiweb.si\/at\/wp-json\/wp\/v2\/comments?post=4599"}],"version-history":[{"count":22,"href":"https:\/\/donat.wp.dev.optiweb.si\/at\/wp-json\/wp\/v2\/pages\/4599\/revisions"}],"predecessor-version":[{"id":189889,"href":"https:\/\/donat.wp.dev.optiweb.si\/at\/wp-json\/wp\/v2\/pages\/4599\/revisions\/189889"}],"wp:attachment":[{"href":"https:\/\/donat.wp.dev.optiweb.si\/at\/wp-json\/wp\/v2\/media?parent=4599"}],"curies":[{"name":"wp","href":"https:\/\/api.w.org\/{rel}","templated":true}]}}