{"id":4613,"date":"2021-02-12T12:36:35","date_gmt":"2021-02-12T12:36:35","guid":{"rendered":"https:\/\/donat.wp.dev.optiweb.si\/tradition\/"},"modified":"2022-04-20T10:42:02","modified_gmt":"2022-04-20T08:42:02","slug":"tradicija","status":"publish","type":"page","link":"https:\/\/donat.wp.dev.optiweb.si\/bs\/tradicija\/","title":{"rendered":"Tradicija"},"content":{"rendered":"<div id=\"\" class=\"ow_container_section  container-989 ms-timeline-hero column-window-height move-headline-section\">\n    <div class=\"container\">\n        <div class=\"content\">\n            \n\n<div class=\"wp-block-columns column-image-absolute\">\n<div class=\"wp-block-column is-vertically-aligned-center default-column-text h64p22 column-text\">\n<h1 class=\"wp-block-heading\"><strong>Legenda <\/strong><br>iz Roga\u0161kih izvora<\/h1>\n\n\n\n<p>Nastanak prirodne mineralne vode Donat Mg je povezan s mitolo\u0161kim bogovima koji su prepoznali njene ljekovite u\u010dinke.<\/p>\n\n\n\n<div class=\"wp-block-buttons\">\n<div class=\"wp-block-button parent-btn--green--16\"><a class=\"wp-block-button__link\" href=\"#timeline\">DO\u017dIVITE PRI\u010cU<\/a><\/div>\n<\/div>\n<\/div>\n\n\n\n<div class=\"wp-block-column is-vertically-aligned-center default-column-text h64p22 column-image\">\n<div class=\"wp-block-image image-position-absolute\"><figure class=\"alignleft size-large\"><img loading=\"lazy\" decoding=\"async\" width=\"1024\" height=\"867\" src=\"https:\/\/donat.wp.dev.optiweb.si\/wp-content\/uploads\/2021\/03\/pegasus-v2-min-1024x867.png\" alt=\"\" class=\"wp-image-6019\" srcset=\"https:\/\/donat.wp.dev.optiweb.si\/wp-content\/uploads\/2021\/03\/pegasus-v2-min-1024x867.png 1024w, https:\/\/donat.wp.dev.optiweb.si\/wp-content\/uploads\/2021\/03\/pegasus-v2-min-300x254.png 300w, https:\/\/donat.wp.dev.optiweb.si\/wp-content\/uploads\/2021\/03\/pegasus-v2-min-118x100.png 118w, https:\/\/donat.wp.dev.optiweb.si\/wp-content\/uploads\/2021\/03\/pegasus-v2-min-750x635.png 750w, https:\/\/donat.wp.dev.optiweb.si\/wp-content\/uploads\/2021\/03\/pegasus-v2-min-900x762.png 900w, https:\/\/donat.wp.dev.optiweb.si\/wp-content\/uploads\/2021\/03\/pegasus-v2-min.png 1289w\" sizes=\"auto, (max-width: 1024px) 100vw, 1024px\" \/><\/figure><\/div>\n\n\n\n<h1 class=\"mobile-headline wp-block-heading\"><strong>Legenda <\/strong><br>iz Roga\u0161kih izvora<\/h1>\n<\/div>\n<\/div>\n\n\n        <\/div>\n    <\/div>\n<\/div>\n\n<div id=\"\" class=\"ow_container_section \">\n    <div class=\"container\">\n        <div class=\"content\">\n            \n<div id='timeline' class='ms_timeline'><div class='ms_timeline_wrapp'><div class='ms_timeline_single  pos-1 img_left first'>\n            <div class=\"ms_line_animate img_left first \">   \n               <svg xmlns=\"http:\/\/www.w3.org\/2000\/svg\" width=\"109\" height=\"310\" viewBox=\"0 0 109 310\" preserveAspectRatio=\"xMidYMid meet\">\n                  <path class=\"path\" d=\" M 0 0 L 0 102 C 0 155 55 155 55 155 C 55 155 108 155 108 222 L 108 310   \" fill=\"none\" stroke=\"#c9d5d0\" ><\/path>\n                  <circle cx=\"108\" cy=\"260\" r=\"16\" fill=\"#114532\" stroke=\"#ffffff\" style=\"stroke-width: 2;\">1<\/circle>\n                   <text x=\"108\" y=\"264\"  text-anchor=\"middle\"          stroke=\"white\"          stroke-width=\"1px\"          > 1    <\/text>\n               <\/svg>                 \n            <\/div><div class='ms_timeline_single_toggle'><h2>Poznajete legendu? Upoznajte se sa \u010dinjenicama.<\/h2><\/div><div class='ms_timeline_single_toggle_text'><div class='ms_timeline_single_column_wrapp'><div class='ms_timeline_single_measure'><div class='ms_timeline_single_column image_column'><img loading=\"lazy\" decoding=\"async\" width=\"671\" height=\"666\" src=\"https:\/\/donat.wp.dev.optiweb.si\/wp-content\/uploads\/2021\/02\/tradition_1.jpg\" class=\"attachment-full size-full\" alt=\"\" srcset=\"https:\/\/donat.wp.dev.optiweb.si\/wp-content\/uploads\/2021\/02\/tradition_1.jpg 671w, https:\/\/donat.wp.dev.optiweb.si\/wp-content\/uploads\/2021\/02\/tradition_1-300x298.jpg 300w, https:\/\/donat.wp.dev.optiweb.si\/wp-content\/uploads\/2021\/02\/tradition_1-150x150.jpg 150w\" sizes=\"auto, (max-width: 671px) 100vw, 671px\" \/><\/div><div class='ms_timeline_single_column text_column'><div class='text-wrapp default-column-text '><h2>Poznajete legendu? Upoznajte se sa \u010dinjenicama.<\/h2><p>Pri\u010da iz davnine, u kojoj su vladali bogovi i mitolo\u0161ki junaci, pripovijeda da je krilati konj Pegaz u letu iznad Slovenije kopitom udario u planinu i iz nje je izbio izvor \u010dudotvorne mineralne vode. Mo\u017eda vam se \u010dini neobi\u010dno, ali Pegazovo gr\u010dko ime \u03a0\u03ae\u03b3\u03b1\u03c3\u03bf\u03c2 (izg. Heziod) stru\u010dnjaci povezuju sa rije\u010dju \u03c0\u03b7\u03b3\u03ae (izg. p\u00eag\u1ebf), \u0161to zna\u010di izvor i obja\u0161njava nastanak te pri\u010de.<\/p>\n<\/div><\/div><\/div><\/div><\/div><\/div><div class='ms_timeline_single  pos-2 img_right'>\n            <div class=\"ms_line_animate img_right \">   \n               <svg xmlns=\"http:\/\/www.w3.org\/2000\/svg\" width=\"850\" height=\"400\" viewBox=\"0 0 850 400\" preserveAspectRatio=\"xMidYMid meet\">\n                  <path class=\"path\" d=\"\tM 850 0 \t\tL 850 100 \t\tC 850 200 750 200 750 200 \t\tL 100 200 \t\tC 100 200 0 200 0 300       L 0 400 \" fill=\"none\" stroke=\"#c9d5d0\" ><\/path>\n                  <circle cx=\"0\" cy=\"320\" r=\"16\" fill=\"#114532\" stroke=\"#ffffff\" style=\"stroke-width: 2;\">2<\/circle>\n                   <text x=\"0\" y=\"324\"  text-anchor=\"middle\"          stroke=\"white\"          stroke-width=\"1px\"          > 2    <\/text>\n               <\/svg>                 \n            <\/div><div class='ms_timeline_single_toggle'><h2>Udubite se u historiju.<\/h2><\/div><div class='ms_timeline_single_toggle_text'><div class='ms_timeline_single_column_wrapp'><div class='ms_timeline_single_measure'><div class='ms_timeline_single_column image_column'><img loading=\"lazy\" decoding=\"async\" width=\"590\" height=\"689\" src=\"https:\/\/donat.wp.dev.optiweb.si\/wp-content\/uploads\/2021\/02\/tradition_2.png\" class=\"attachment-full size-full\" alt=\"\" srcset=\"https:\/\/donat.wp.dev.optiweb.si\/wp-content\/uploads\/2021\/02\/tradition_2.png 590w, https:\/\/donat.wp.dev.optiweb.si\/wp-content\/uploads\/2021\/02\/tradition_2-257x300.png 257w\" sizes=\"auto, (max-width: 590px) 100vw, 590px\" \/><\/div><div class='ms_timeline_single_column text_column'><div class='text-wrapp default-column-text '><h2>Udubite se u historiju.<\/h2><p>Legenda se pretvorila u historiju, koja na osnovu prona\u0111enih nov\u010di\u0107a i iskopina svjedo\u010di da je efikasnost prirodne mineralne vode otkrivena jo\u0161 u vrijeme Kelta i anti\u010dkog Rima. Iako su ljudi nakon toga jo\u0161 dugo iskori\u0161tavali efekte te osna\u017euju\u0107e vode, tek 1572. godine ju je \u0161vicarski alhemi\u010dar Leonhard Thurneysser po\u010deo nau\u010dno prou\u010davati i tako utirati put preciznom opisivanju njenih svojstava i nazvao je \u201eroga\u0161ka mineralna voda\u201c. Uslijedio je skoro cijeli vijek zati\u0161ja, a zatim je dr. Paul Sorbait, dvorski ljekar i profesor na be\u010dkom fakultetu za medicinu, opisao vodu u svom djelu Praxis Medicae, \u010dime je prirodna mineralna voda iz Roga\u0161ke Slatine postala poznata i izvan granica habsbur\u0161ke monarhije.<\/p>\n<p align=\"justify\">\n<\/div><\/div><\/div><\/div><\/div><\/div><div class='ms_timeline_single  pos-3 img_left'>\n            <div class=\"ms_line_animate img_left \">   \n               <svg xmlns=\"http:\/\/www.w3.org\/2000\/svg\" width=\"850\" height=\"400\" viewBox=\"0 0 850 400\" preserveAspectRatio=\"xMidYMid meet\">\n                  <path class=\"path\" d=\"\tM 0 0           L 0 100         C 0 200 100 200 100 200         L 750 200       C 750 200 850 200 850 300        L 850 400  \" fill=\"none\" stroke=\"#c9d5d0\" ><\/path>\n                  <circle cx=\"850\" cy=\"320\" r=\"16\" fill=\"#114532\" stroke=\"#ffffff\" style=\"stroke-width: 2;\">3<\/circle>\n                   <text x=\"850\" y=\"324\"  text-anchor=\"middle\"          stroke=\"white\"          stroke-width=\"1px\"          > 3    <\/text>\n               <\/svg>                 \n            <\/div><div class='ms_timeline_single_toggle'><h2>Izvori zdravlja.<\/h2><\/div><div class='ms_timeline_single_toggle_text'><div class='ms_timeline_single_column_wrapp'><div class='ms_timeline_single_measure'><div class='ms_timeline_single_column image_column'><img loading=\"lazy\" decoding=\"async\" width=\"580\" height=\"492\" src=\"https:\/\/donat.wp.dev.optiweb.si\/wp-content\/uploads\/2021\/02\/tradition_3.jpg\" class=\"attachment-full size-full\" alt=\"\" srcset=\"https:\/\/donat.wp.dev.optiweb.si\/wp-content\/uploads\/2021\/02\/tradition_3.jpg 580w, https:\/\/donat.wp.dev.optiweb.si\/wp-content\/uploads\/2021\/02\/tradition_3-300x254.jpg 300w\" sizes=\"auto, (max-width: 580px) 100vw, 580px\" \/><\/div><div class='ms_timeline_single_column text_column'><div class='text-wrapp default-column-text '><h2>Izvori zdravlja.<\/h2><p>Hemijskim svojstvima vode i njenim koristima za zdravlje u 18. vijeku se detaljno posvetio na\u0161e gore list, mariborski ljekar, J. B. Gr\u00fcndel. Njegovi nalazi bili su veliko otkri\u0107e, o \u010demu svjedo\u010di \u010dinjenica da je u tom trenutku postala tre\u0107a najprodavanija mineralna voda u svijetu. Zbog velike potra\u017enje 1904. godine izgra\u0111ena je nova punionica, koja je jo\u0161 uvijek bila relativno jednostavna \u2013 voda se fla\u0161irala direktno iz izvora, ozna\u010davala i u sanducima razvozila na kolima sa konjskom zapregom.<\/p>\n<\/div><\/div><\/div><\/div><\/div><\/div><div class='ms_timeline_single  pos-4 img_right'>\n            <div class=\"ms_line_animate img_right \">   \n               <svg xmlns=\"http:\/\/www.w3.org\/2000\/svg\" width=\"850\" height=\"400\" viewBox=\"0 0 850 400\" preserveAspectRatio=\"xMidYMid meet\">\n                  <path class=\"path\" d=\"\tM 850 0 \t\tL 850 100 \t\tC 850 200 750 200 750 200 \t\tL 100 200 \t\tC 100 200 0 200 0 300       L 0 400 \" fill=\"none\" stroke=\"#c9d5d0\" ><\/path>\n                  <circle cx=\"0\" cy=\"320\" r=\"16\" fill=\"#114532\" stroke=\"#ffffff\" style=\"stroke-width: 2;\">4<\/circle>\n                   <text x=\"0\" y=\"324\"  text-anchor=\"middle\"          stroke=\"white\"          stroke-width=\"1px\"          > 4    <\/text>\n               <\/svg>                 \n            <\/div><div class='ms_timeline_single_toggle'><h2>Otkrivanje magnezija.<\/h2><\/div><div class='ms_timeline_single_toggle_text'><div class='ms_timeline_single_column_wrapp'><div class='ms_timeline_single_measure'><div class='ms_timeline_single_column image_column'><img loading=\"lazy\" decoding=\"async\" width=\"590\" height=\"701\" src=\"https:\/\/donat.wp.dev.optiweb.si\/wp-content\/uploads\/2021\/02\/tradition_4.png\" class=\"attachment-full size-full\" alt=\"\" srcset=\"https:\/\/donat.wp.dev.optiweb.si\/wp-content\/uploads\/2021\/02\/tradition_4.png 590w, https:\/\/donat.wp.dev.optiweb.si\/wp-content\/uploads\/2021\/02\/tradition_4-252x300.png 252w\" sizes=\"auto, (max-width: 590px) 100vw, 590px\" \/><\/div><div class='ms_timeline_single_column text_column'><div class='text-wrapp default-column-text '><h2>Otkrivanje magnezija.<\/h2><p>Godine 1907. donesena je odluka o tra\u017eenju novih izvora. Pod vodstvom dr. J. Knetta, kod jedne od bu\u0161otina do\u0161lo se do iznena\u0111uju\u0107eg otkri\u0107a da voda ima veoma visok sadr\u017eaj magnezija, a zbog obli\u017enje Dona\u010dke gore nazvali su je Donat Mg.<\/p>\n<\/div><\/div><\/div><\/div><\/div><\/div><div class='ms_timeline_single  pos-5 img_left'>\n            <div class=\"ms_line_animate img_left \">   \n               <svg xmlns=\"http:\/\/www.w3.org\/2000\/svg\" width=\"850\" height=\"400\" viewBox=\"0 0 850 400\" preserveAspectRatio=\"xMidYMid meet\">\n                  <path class=\"path\" d=\"\tM 0 0           L 0 100         C 0 200 100 200 100 200         L 750 200       C 750 200 850 200 850 300        L 850 400  \" fill=\"none\" stroke=\"#c9d5d0\" ><\/path>\n                  <circle cx=\"850\" cy=\"320\" r=\"16\" fill=\"#114532\" stroke=\"#ffffff\" style=\"stroke-width: 2;\">5<\/circle>\n                   <text x=\"850\" y=\"324\"  text-anchor=\"middle\"          stroke=\"white\"          stroke-width=\"1px\"          > 5    <\/text>\n               <\/svg>                 \n            <\/div><div class='ms_timeline_single_toggle'><h2>Vijek jedinstvenog izvora.<\/h2><\/div><div class='ms_timeline_single_toggle_text'><div class='ms_timeline_single_column_wrapp'><div class='ms_timeline_single_measure'><div class='ms_timeline_single_column image_column'><img loading=\"lazy\" decoding=\"async\" width=\"589\" height=\"689\" src=\"https:\/\/donat.wp.dev.optiweb.si\/wp-content\/uploads\/2021\/02\/tradition_5.png\" class=\"attachment-full size-full\" alt=\"\" srcset=\"https:\/\/donat.wp.dev.optiweb.si\/wp-content\/uploads\/2021\/02\/tradition_5.png 589w, https:\/\/donat.wp.dev.optiweb.si\/wp-content\/uploads\/2021\/02\/tradition_5-256x300.png 256w\" sizes=\"auto, (max-width: 589px) 100vw, 589px\" \/><\/div><div class='ms_timeline_single_column text_column'><div class='text-wrapp default-column-text '><h2>Vijek jedinstvenog izvora.<\/h2><p>Uskoro nakon pusto\u0161enja u Drugom svjetskom ratu poznati hidrogeolog i akademik Josip Ba\u0107 uveo je koncept dubinskog bu\u0161enja koji se uskoro pokazao kao veoma efikasan jer je omogu\u0107avao crpljenje sa dubine od 280 do 606 metara. U sljede\u0107ih deset godina napravljeno je oko 41 bu\u0161otine iz kojih je dolazilo pet puta vi\u0161e vode nego ranije.<\/p>\n<\/div><\/div><\/div><\/div><\/div><\/div><div class='ms_timeline_single  pos-6 img_right'>\n            <div class=\"ms_line_animate img_right \">   \n               <svg xmlns=\"http:\/\/www.w3.org\/2000\/svg\" width=\"850\" height=\"400\" viewBox=\"0 0 850 400\" preserveAspectRatio=\"xMidYMid meet\">\n                  <path class=\"path\" d=\"\tM 850 0 \t\tL 850 100 \t\tC 850 200 750 200 750 200 \t\tL 100 200 \t\tC 100 200 0 200 0 300       L 0 400 \" fill=\"none\" stroke=\"#c9d5d0\" ><\/path>\n                  <circle cx=\"0\" cy=\"320\" r=\"16\" fill=\"#114532\" stroke=\"#ffffff\" style=\"stroke-width: 2;\">6<\/circle>\n                   <text x=\"0\" y=\"324\"  text-anchor=\"middle\"          stroke=\"white\"          stroke-width=\"1px\"          > 6    <\/text>\n               <\/svg>                 \n            <\/div><div class='ms_timeline_single_toggle'><h2>Nazdravite mitu.<\/h2><\/div><div class='ms_timeline_single_toggle_text'><div class='ms_timeline_single_column_wrapp'><div class='ms_timeline_single_measure'><div class='ms_timeline_single_column image_column'><img loading=\"lazy\" decoding=\"async\" width=\"590\" height=\"689\" src=\"https:\/\/donat.wp.dev.optiweb.si\/wp-content\/uploads\/2021\/02\/tradition_6.png\" class=\"attachment-full size-full\" alt=\"\" srcset=\"https:\/\/donat.wp.dev.optiweb.si\/wp-content\/uploads\/2021\/02\/tradition_6.png 590w, https:\/\/donat.wp.dev.optiweb.si\/wp-content\/uploads\/2021\/02\/tradition_6-257x300.png 257w\" sizes=\"auto, (max-width: 590px) 100vw, 590px\" \/><\/div><div class='ms_timeline_single_column text_column'><div class='text-wrapp default-column-text '><h2>Nazdravite mitu.<\/h2><p>Ako \u017eelite ste\u0107i naklonost nekog od bogova, Apolon bi svakako bio prvi izbor. Iako je roga\u0161ku kiselicu otkrio Pegaz, bog ljepote i zdravlja bio je onaj kojeg je osna\u017euju\u0107a voda toliko odu\u0161evila da se bio spreman odre\u0107i pijenja vode sa svete planine Helikona. Tome u \u010dast Apolon i danas krasi ba\u0161 svaku fla\u0161u prirodne minerale vode Donat Mg.<\/p>\n<\/div><\/div><\/div><\/div><\/div><\/div><div><div>\n\n        <\/div>\n    <\/div>\n<\/div>","protected":false},"excerpt":{"rendered":"","protected":false},"author":1,"featured_media":0,"parent":0,"menu_order":0,"comment_status":"closed","ping_status":"closed","template":"","meta":{"_acf_changed":false,"footnotes":""},"class_list":["post-4613","page","type-page","status-publish","hentry"],"acf":[],"_links":{"self":[{"href":"https:\/\/donat.wp.dev.optiweb.si\/bs\/wp-json\/wp\/v2\/pages\/4613","targetHints":{"allow":["GET"]}}],"collection":[{"href":"https:\/\/donat.wp.dev.optiweb.si\/bs\/wp-json\/wp\/v2\/pages"}],"about":[{"href":"https:\/\/donat.wp.dev.optiweb.si\/bs\/wp-json\/wp\/v2\/types\/page"}],"author":[{"embeddable":true,"href":"https:\/\/donat.wp.dev.optiweb.si\/bs\/wp-json\/wp\/v2\/users\/1"}],"replies":[{"embeddable":true,"href":"https:\/\/donat.wp.dev.optiweb.si\/bs\/wp-json\/wp\/v2\/comments?post=4613"}],"version-history":[{"count":12,"href":"https:\/\/donat.wp.dev.optiweb.si\/bs\/wp-json\/wp\/v2\/pages\/4613\/revisions"}],"predecessor-version":[{"id":21952,"href":"https:\/\/donat.wp.dev.optiweb.si\/bs\/wp-json\/wp\/v2\/pages\/4613\/revisions\/21952"}],"wp:attachment":[{"href":"https:\/\/donat.wp.dev.optiweb.si\/bs\/wp-json\/wp\/v2\/media?parent=4613"}],"curies":[{"name":"wp","href":"https:\/\/api.w.org\/{rel}","templated":true}]}}