{"id":214093,"date":"2024-02-07T15:00:21","date_gmt":"2024-02-07T13:00:21","guid":{"rendered":"https:\/\/donat.wp.dev.optiweb.si\/?page_id=214093"},"modified":"2024-02-12T15:27:27","modified_gmt":"2024-02-12T13:27:27","slug":"aktualne-novice","status":"publish","type":"page","link":"https:\/\/donat.wp.dev.optiweb.si\/sl\/aktualne-novice\/","title":{"rendered":"Aktualne novice"},"content":{"rendered":"\n<h1 class=\"wp-block-heading\">Aktualne novice<\/h1>\n\n\n\n<h3 class=\"wp-block-heading\"><strong><strong>Preventivni umik izdelka<\/strong><\/strong><\/h3>\n\n\n\n<p><em>Ljubljana, 7. 2. 2024<\/em><\/p>\n\n\n\n<p>Kupce in potro\u0161nike obve\u0161\u010damo, da je izdelek naravna mineralna voda Donat Mg, 1 L,<strong> z oznako 14. 11. 24<\/strong> (uporabno najmanj do 14.11.2024), organolepti\u010dno spremenjen, kar potro\u0161nik lahko zazna in je zanj lahko mote\u010de.<\/p>\n\n\n\n<p>V skladu z visokimi standardi kakovosti podjetja, smo se kljub temu, da izdelek ni \u0161kodljiv za zdravje, odlo\u010dili, da celotno serijo izdelka preventivno umaknemo s trga. <strong>Izdelek ni \u0161kodljiv za zdravje.<\/strong><\/p>\n\n\n\n<p>Potro\u0161niki, ki so kupili izdelek, tega lahko vrnejo na prodajno mesto, kjer bodo dobili povrnjeno kupnino ali uredili menjavo izdelka.<\/p>\n\n\n\n<p>Ve\u010d informacij na&nbsp; <a href=\"mailto:kontaktcentersi@atlanticgrupa.com\">kontaktcentersi@atlanticgrupa.com<\/a> ali brezpla\u010dni telefonski \u0161tevilki 080 1131.<\/p>\n\n\n\n<h3 class=\"wp-block-heading\"><strong>Srebrna in bronasta Effie nagrada<\/strong><\/h3>\n\n\n\n<p><em>12.11.2023<\/em><\/p>\n\n\n\n<p>Na\u0161a zavezanost k u\u010dinkovitosti ostaja v sredi\u0161\u010du vsega, kar po\u010dnemo.<\/p>\n\n\n\n<p>Na slovesnosti Effie Awards Slovenija 2023 so na\u0161i Vodeni program zdravja Donat prejeli presti\u017eni priznanji:<\/p>\n\n\n\n<ul class=\"wp-block-list\">\n<li><strong>Srebrna Effie nagrada<\/strong> v kategoriji <strong>Podjetni\u0161ki ugled in trajnost<\/strong>.<\/li>\n\n\n\n<li><strong>Bronasta Effie nagrada<\/strong> v kategoriji <strong>Pija\u010de<\/strong>.<\/li>\n<\/ul>\n\n\n\n<p>Posebna omemba s strani \u0161tudentske \u017eirije potrjuje na\u0161o predanost spodbujanju zdravega na\u010dina \u017eivljenja in trajnostnega, u\u010dinkovitega razvoja poslovanja med mladimi intelektualnimi umi.<\/p>\n\n\n\n<p>Ta priznanja poudarjajo na\u0161o misijo, da zdru\u017eujemo inovacije s trajnostjo. V \u010dast nam je, da smo prrepoznani zaradi na\u0161ih prizadevanj za pozitivne spremembe in vplivanje na \u017eivljenja.<\/p>\n\n\n\n<h3 class=\"wp-block-heading\"><strong>Interna izobra\u017eevanja<\/strong><\/h3>\n\n\n\n<p><em>20.10.2023<\/em><\/p>\n\n\n\n<p>Z veseljem sporo\u010damo, da smo leta 2023 organizirali \u0161est notranjih izobra\u017eevalnih dogodkov na dveh trgih, razkrivajo\u010d o\u010darljivo povezavo med stresom in prebavo.<\/p>\n\n\n\n<p>Ste vedeli? Znanstvene ugotovitve ka\u017eejo, da upravljanje s stresom prek prehrane lahko bistveno vpliva na vzdr\u017eevanje mo\u010dnega prebavnega sistema!<\/p>\n\n\n\n<p>Pridru\u017eite se nam pri dajanju prednosti dobremu po\u010dutju, \u0161irjenju na\u0161ega znanja in nazdravljanju \u0161e 115 letom zagovarjanja zdravja prebavil!<\/p>\n\n\n\n<h3 class=\"wp-block-heading\"><strong>Povezani pokrov\u010dki na Donatu<\/strong><\/h3>\n\n\n\n<p><em>30.09.2023<\/em><\/p>\n\n\n\n<p>Za\u010den\u0161i oktobra, boste na steklenicah Donata opazili novo funkcionalnost: povezane pokrov\u010dke. Namen je prepre\u010diti izgubo pokrov\u010dkov in prispevati k zmanj\u0161anju onesna\u017eevanja okolja s plastiko.<\/p>\n\n\n\n<p>To je ena od mnogih dejavnosti v na\u0161ih prizadevanjih za trajnost:<\/p>\n\n\n\n<ul class=\"wp-block-list\">\n<li>Od leta 2021 uporabljamo samo 100% reciklirane plasti\u010dne steklenice v celotnem portfelju Donata, kar je okolju prijaznej\u0161a izbira v primerjavi s steklom glede na \u017eivljenjski cikel.<\/li>\n\n\n\n<li>Transportna embala\u017ea je izdelana iz 50% reciklirane plastike, kar je najve\u010dji mo\u017eni odstotek glede na trenutno tehnologijo dobavitelja.<\/li>\n\n\n\n<li>Z uporabo recikliranega materiala smo v letu 2022 dali novo \u017eivljenje 1.023 tonam odpadne plastike, s \u010dimer smo jo re\u0161ili pred odlagali\u0161\u010di.<\/li>\n\n\n\n<li>Poleg uvedbe povezanih pokrov\u010dkov smo od leta 2022 zmanj\u0161ali te\u017eo pokrov\u010dkov za 22%, kar je privedlo do letnega zmanj\u0161anja porabe plastike za dodatnih 16 ton.<\/li>\n<\/ul>\n\n\n\n<p>Donat je res dragoceno darilo narave, zato je trajnost na\u0161a najvi\u0161ja prioriteta. Skupaj varujmo naravo in na\u0161o prihodnost z odgovornim ravnanjem s pakiranjem.<\/p>\n\n\n\n<h3 class=\"wp-block-heading\"><strong>Nova, najve\u010dja son\u010dna elektrarna Atlantic Grupe doslej<\/strong><\/h3>\n\n\n\n<p><em>15.09.2023<\/em><\/p>\n\n\n\n<p>Z veseljem sporo\u010damo, da je Atlantic Grupa v oktobru na proizvodnem mestu Donata v Roga\u0161ki Slatini zagnala svojo najve\u010djo son\u010dno elektrarno!<\/p>\n\n\n\n<p>Trajnost v akciji:<\/p>\n\n\n\n<ul class=\"wp-block-list\">\n<li>Na\u0161a son\u010dna elektrarna bo izkoristila mo\u010d sonca, da bo vsako tretjo steklenico Donata napolnila z \u010disto, obnovljivo energijo.<\/li>\n\n\n\n<li>Z name\u0161\u010deno mo\u010djo 974 kWp bo letno proizvedla 1,01 GWh, kar je enako oskrbi z elektri\u010dno energijo za pribli\u017eno 350 gospodinjstev ali majhno vasico.<\/li>\n\n\n\n<li>Na lokaciji smo namestili tudi dve polnilni postaji za elektri\u010dna vozila, ki delujeta na son\u010dno energijo.<\/li>\n<\/ul>\n\n\n\n<p>Na\u0161 podpredsednik, Enzo Smrekar, je delil, da je trajnost \u017ee ve\u010d kot desetletje osrednji del na\u0161e strategije. Na\u0161a nalo\u017eba v to son\u010dno elektrarno je korak k energetski neodvisnosti, optimizaciji stro\u0161kov in ohranjanju okolja.<\/p>\n\n\n\n<p>Izvr\u0161na direktorica Darja Terzan je poudarila, da Donat \u017ee 115 let s svojimi koristnimi, klini\u010dno dokazanimi u\u010dinki navdu\u0161uje ljudi tako doma kot po svetu. Prepri\u010dani smo, da bomo z odgovorno uporabo te naravne vire in strokovnim pristopom \u0161e naprej pomagali posameznikom odkrivati in vzdr\u017eevati zdrav, odgovoren in \u017eivahen na\u010din \u017eivljenja.<\/p>\n\n\n\n<p>Vir Donata v Roga\u0161ki Slatini je naravno \u010dudo z edinstveno mineralno sestavo, z uporabo son\u010dne energije za proizvodnjo Donata pa ne le skrbimo za odgovorno upravljanje z viri in zmanj\u0161anje okoljskih vplivov med zajemanjem, temve\u010d tudi vra\u010damo naravi.<\/p>\n\n\n\n<p>Na\u0161a predanost trajnosti, okoljski odgovornosti in javnemu zdravju nas vsak dan usmerja v akcijo. Pridru\u017eite se nam pri podpori zeleni, bolj zdravi prihodnosti!<\/p>\n","protected":false},"excerpt":{"rendered":"<p>Aktualne novice Preventivni umik izdelka Ljubljana, 7. 2. 2024 Kupce in potro\u0161nike obve\u0161\u010damo, da je izdelek naravna mineralna voda Donat Mg, 1 L, z oznako 14. 11. 24 (uporabno najmanj do 14.11.2024), organolepti\u010dno spremenjen, kar potro\u0161nik lahko zazna in je zanj lahko mote\u010de. V skladu z visokimi standardi kakovosti podjetja, smo se kljub temu, da <a href=\"https:\/\/donat.wp.dev.optiweb.si\/sl\/aktualne-novice\/\" class=\"more-link\">&#8230;<\/a><\/p>\n","protected":false},"author":38548,"featured_media":0,"parent":0,"menu_order":0,"comment_status":"closed","ping_status":"open","template":"","meta":{"_acf_changed":false,"footnotes":""},"class_list":["post-214093","page","type-page","status-publish","hentry"],"acf":[],"_links":{"self":[{"href":"https:\/\/donat.wp.dev.optiweb.si\/sl\/wp-json\/wp\/v2\/pages\/214093","targetHints":{"allow":["GET"]}}],"collection":[{"href":"https:\/\/donat.wp.dev.optiweb.si\/sl\/wp-json\/wp\/v2\/pages"}],"about":[{"href":"https:\/\/donat.wp.dev.optiweb.si\/sl\/wp-json\/wp\/v2\/types\/page"}],"author":[{"embeddable":true,"href":"https:\/\/donat.wp.dev.optiweb.si\/sl\/wp-json\/wp\/v2\/users\/38548"}],"replies":[{"embeddable":true,"href":"https:\/\/donat.wp.dev.optiweb.si\/sl\/wp-json\/wp\/v2\/comments?post=214093"}],"version-history":[{"count":9,"href":"https:\/\/donat.wp.dev.optiweb.si\/sl\/wp-json\/wp\/v2\/pages\/214093\/revisions"}],"predecessor-version":[{"id":214111,"href":"https:\/\/donat.wp.dev.optiweb.si\/sl\/wp-json\/wp\/v2\/pages\/214093\/revisions\/214111"}],"wp:attachment":[{"href":"https:\/\/donat.wp.dev.optiweb.si\/sl\/wp-json\/wp\/v2\/media?parent=214093"}],"curies":[{"name":"wp","href":"https:\/\/api.w.org\/{rel}","templated":true}]}}