{"id":4621,"date":"2021-02-12T12:36:35","date_gmt":"2021-02-12T12:36:35","guid":{"rendered":"https:\/\/donat.wp.dev.optiweb.si\/tradition\/"},"modified":"2022-05-24T11:09:03","modified_gmt":"2022-05-24T09:09:03","slug":"tradicija","status":"publish","type":"page","link":"https:\/\/donat.wp.dev.optiweb.si\/sl\/tradicija\/","title":{"rendered":"Izvor"},"content":{"rendered":"<div id=\"\" class=\"ow_container_section  container-989 ms-timeline-hero column-window-height move-headline-section\">\n    <div class=\"container\">\n        <div class=\"content\">\n            \n\n<div class=\"wp-block-columns column-image-absolute\">\n<div class=\"wp-block-column is-vertically-aligned-center default-column-text h64p22 column-text\">\n<h1 class=\"wp-block-heading\"><strong>Legenda <\/strong><br>iz Roga\u0161kih vrelcev<\/h1>\n\n\n\n<p>Nastanek naravne mineralne vode Donat je povezan z mitolo\u0161kimi bogovi, ki so prepoznali njene zdravilne u\u010dinke.<\/p>\n\n\n\n<div class=\"wp-block-buttons\">\n<div class=\"wp-block-button parent-btn--green--16\"><a class=\"wp-block-button__link\" href=\"#timeline\">Do\u017eivite zgodbo<\/a><\/div>\n<\/div>\n<\/div>\n\n\n\n<div class=\"wp-block-column is-vertically-aligned-center default-column-text h64p22 column-image\">\n<div class=\"wp-block-image image-position-absolute\"><figure class=\"alignleft size-large\"><img loading=\"lazy\" decoding=\"async\" width=\"1024\" height=\"867\" src=\"https:\/\/donat.wp.dev.optiweb.si\/wp-content\/uploads\/2021\/03\/pegasus-v2-min-1024x867.png\" alt=\"\" class=\"wp-image-6023\" srcset=\"https:\/\/donat.wp.dev.optiweb.si\/wp-content\/uploads\/2021\/03\/pegasus-v2-min-1024x867.png 1024w, https:\/\/donat.wp.dev.optiweb.si\/wp-content\/uploads\/2021\/03\/pegasus-v2-min-300x254.png 300w, https:\/\/donat.wp.dev.optiweb.si\/wp-content\/uploads\/2021\/03\/pegasus-v2-min-118x100.png 118w, https:\/\/donat.wp.dev.optiweb.si\/wp-content\/uploads\/2021\/03\/pegasus-v2-min-750x635.png 750w, https:\/\/donat.wp.dev.optiweb.si\/wp-content\/uploads\/2021\/03\/pegasus-v2-min-900x762.png 900w, https:\/\/donat.wp.dev.optiweb.si\/wp-content\/uploads\/2021\/03\/pegasus-v2-min.png 1289w\" sizes=\"auto, (max-width: 1024px) 100vw, 1024px\" \/><\/figure><\/div>\n\n\n\n<h1 class=\"mobile-headline wp-block-heading\"><strong>Legenda <\/strong><br>iz Roga\u0161kih vrelcev<\/h1>\n<\/div>\n<\/div>\n\n\n        <\/div>\n    <\/div>\n<\/div>\n\n<div id=\"\" class=\"ow_container_section \">\n    <div class=\"container\">\n        <div class=\"content\">\n            \n<div id='timeline' class='ms_timeline'><div class='ms_timeline_wrapp'><div class='ms_timeline_single  pos-1 img_left first'>\n            <div class=\"ms_line_animate img_left first \">   \n               <svg xmlns=\"http:\/\/www.w3.org\/2000\/svg\" width=\"109\" height=\"310\" viewBox=\"0 0 109 310\" preserveAspectRatio=\"xMidYMid meet\">\n                  <path class=\"path\" d=\" M 0 0 L 0 102 C 0 155 55 155 55 155 C 55 155 108 155 108 222 L 108 310   \" fill=\"none\" stroke=\"#c9d5d0\" ><\/path>\n                  <circle cx=\"108\" cy=\"260\" r=\"16\" fill=\"#114532\" stroke=\"#ffffff\" style=\"stroke-width: 2;\">1<\/circle>\n                   <text x=\"108\" y=\"264\"  text-anchor=\"middle\"          stroke=\"white\"          stroke-width=\"1px\"          > 1    <\/text>\n               <\/svg>                 \n            <\/div><div class='ms_timeline_single_toggle'><h2>Poznate legendo?<\/h2><\/div><div class='ms_timeline_single_toggle_text'><div class='ms_timeline_single_column_wrapp'><div class='ms_timeline_single_measure'><div class='ms_timeline_single_column image_column'><img loading=\"lazy\" decoding=\"async\" width=\"671\" height=\"666\" src=\"https:\/\/donat.wp.dev.optiweb.si\/wp-content\/uploads\/2021\/02\/tradition_1.jpg\" class=\"attachment-full size-full\" alt=\"\" srcset=\"https:\/\/donat.wp.dev.optiweb.si\/wp-content\/uploads\/2021\/02\/tradition_1.jpg 671w, https:\/\/donat.wp.dev.optiweb.si\/wp-content\/uploads\/2021\/02\/tradition_1-300x298.jpg 300w, https:\/\/donat.wp.dev.optiweb.si\/wp-content\/uploads\/2021\/02\/tradition_1-150x150.jpg 150w\" sizes=\"auto, (max-width: 671px) 100vw, 671px\" \/><\/div><div class='ms_timeline_single_column text_column'><div class='text-wrapp default-column-text '><h2>Poznate legendo?<\/h2><p>Zgodba iz davnine, v kateri so kraljevali bogovi in mitolo\u0161ki junaki, pripoveduje, da je krilati konj Pegaz v poletu nad Slovenijo s kopitom udaril v goro in iz nje je izbruhnil vrelec \u010dudodelne mineralne vode. Morda se zdi nenavadno, vendar Pegazovo gr\u0161ko ime \u03a0\u03ae\u03b3\u03b1\u03c3\u03bf\u03c2 (izg. Heziod) strokovnjaki povezujejo z besedo \u03c0\u03b7\u03b3\u03ae (izg. p\u00eag\u1ebf), kar pomeni izvir ali vir ter pojasnjuje nastanek pripovedi.<\/p>\n<p>&nbsp;<\/p>\n<\/div><\/div><\/div><\/div><\/div><\/div><div class='ms_timeline_single  pos-2 img_right'>\n            <div class=\"ms_line_animate img_right \">   \n               <svg xmlns=\"http:\/\/www.w3.org\/2000\/svg\" width=\"850\" height=\"400\" viewBox=\"0 0 850 400\" preserveAspectRatio=\"xMidYMid meet\">\n                  <path class=\"path\" d=\"\tM 850 0 \t\tL 850 100 \t\tC 850 200 750 200 750 200 \t\tL 100 200 \t\tC 100 200 0 200 0 300       L 0 400 \" fill=\"none\" stroke=\"#c9d5d0\" ><\/path>\n                  <circle cx=\"0\" cy=\"320\" r=\"16\" fill=\"#114532\" stroke=\"#ffffff\" style=\"stroke-width: 2;\">2<\/circle>\n                   <text x=\"0\" y=\"324\"  text-anchor=\"middle\"          stroke=\"white\"          stroke-width=\"1px\"          > 2    <\/text>\n               <\/svg>                 \n            <\/div><div class='ms_timeline_single_toggle'><h2>Poglobite se v zgodovino.<\/h2><\/div><div class='ms_timeline_single_toggle_text'><div class='ms_timeline_single_column_wrapp'><div class='ms_timeline_single_measure'><div class='ms_timeline_single_column image_column'><img loading=\"lazy\" decoding=\"async\" width=\"590\" height=\"689\" src=\"https:\/\/donat.wp.dev.optiweb.si\/wp-content\/uploads\/2021\/02\/tradition_2.png\" class=\"attachment-full size-full\" alt=\"\" srcset=\"https:\/\/donat.wp.dev.optiweb.si\/wp-content\/uploads\/2021\/02\/tradition_2.png 590w, https:\/\/donat.wp.dev.optiweb.si\/wp-content\/uploads\/2021\/02\/tradition_2-257x300.png 257w\" sizes=\"auto, (max-width: 590px) 100vw, 590px\" \/><\/div><div class='ms_timeline_single_column text_column'><div class='text-wrapp default-column-text '><h2>Poglobite se v zgodovino.<\/h2><p>Legenda se je prevesila v zgodovino, ki na podlagi najdenih novcev in izkopanin pri\u010da, da so u\u010dinkovitost naravne mineralne vode odkrili \u017ee v \u010dasu Keltov in starega Rima. \u010ceprav so ljudje nato \u0161e dolga leta s pridom izkori\u0161\u010dali u\u010dinke te po\u017eivljajo\u010de vode, jo je \u0161ele leta 1572 \u0161vicarski alkimist Leonhard Thurneysser za\u010del znanstveno preu\u010devati in tako utirati pot natan\u010dnemu opisovanju njenih lastnosti ter jo poimenoval \u00bbroga\u0161ka mineralna voda\u00ab. Sledilo je skoraj stoletje zati\u0161ja, nato pa je dr. Paul Sorbait, dvorni zdravnik in profesor na dunajski fakulteti za medicino, vodo opisal v svojem delu Praxis Medicae, s \u010dimer je naravna mineralna voda iz Roga\u0161ke Slatine zaslovela tudi zunaj meja habsbur\u0161kega cesarstva.<\/p>\n<p align=\"justify\">\n<\/div><\/div><\/div><\/div><\/div><\/div><div class='ms_timeline_single  pos-3 img_left'>\n            <div class=\"ms_line_animate img_left \">   \n               <svg xmlns=\"http:\/\/www.w3.org\/2000\/svg\" width=\"850\" height=\"400\" viewBox=\"0 0 850 400\" preserveAspectRatio=\"xMidYMid meet\">\n                  <path class=\"path\" d=\"\tM 0 0           L 0 100         C 0 200 100 200 100 200         L 750 200       C 750 200 850 200 850 300        L 850 400  \" fill=\"none\" stroke=\"#c9d5d0\" ><\/path>\n                  <circle cx=\"850\" cy=\"320\" r=\"16\" fill=\"#114532\" stroke=\"#ffffff\" style=\"stroke-width: 2;\">3<\/circle>\n                   <text x=\"850\" y=\"324\"  text-anchor=\"middle\"          stroke=\"white\"          stroke-width=\"1px\"          > 3    <\/text>\n               <\/svg>                 \n            <\/div><div class='ms_timeline_single_toggle'><h2>Vrelci zdravja.<\/h2><\/div><div class='ms_timeline_single_toggle_text'><div class='ms_timeline_single_column_wrapp'><div class='ms_timeline_single_measure'><div class='ms_timeline_single_column image_column'><img loading=\"lazy\" decoding=\"async\" width=\"580\" height=\"492\" src=\"https:\/\/donat.wp.dev.optiweb.si\/wp-content\/uploads\/2021\/02\/tradition_3.jpg\" class=\"attachment-full size-full\" alt=\"\" srcset=\"https:\/\/donat.wp.dev.optiweb.si\/wp-content\/uploads\/2021\/02\/tradition_3.jpg 580w, https:\/\/donat.wp.dev.optiweb.si\/wp-content\/uploads\/2021\/02\/tradition_3-300x254.jpg 300w\" sizes=\"auto, (max-width: 580px) 100vw, 580px\" \/><\/div><div class='ms_timeline_single_column text_column'><div class='text-wrapp default-column-text '><h2>Vrelci zdravja.<\/h2><p>Kemijskim lastnostim vode in njenim koristim za zdravje pa se je v 18. stoletju podrobno posvetil na\u0161e gore list, mariborski zdravnik J. B. Gr\u00fcndel. Njegove ugotovitve so bile veliko odkritje, kar pri\u010da dejstvo, da je v tistem \u010dasu postala tretja najbolje prodajana mineralna voda na svetu. Zaradi velikega povpra\u0161evanja je bila leta 1904 zgrajena nova polnilnica, ki pa je bila \u0161e vedno precej preprosta \u2013 vodo so vlivali v steklenice neposredno iz vrelca, ozna\u010dili in jo v zabojih razva\u017eali na vozovih s konjsko vprego.<\/p>\n<\/div><\/div><\/div><\/div><\/div><\/div><div class='ms_timeline_single  pos-4 img_right'>\n            <div class=\"ms_line_animate img_right \">   \n               <svg xmlns=\"http:\/\/www.w3.org\/2000\/svg\" width=\"850\" height=\"400\" viewBox=\"0 0 850 400\" preserveAspectRatio=\"xMidYMid meet\">\n                  <path class=\"path\" d=\"\tM 850 0 \t\tL 850 100 \t\tC 850 200 750 200 750 200 \t\tL 100 200 \t\tC 100 200 0 200 0 300       L 0 400 \" fill=\"none\" stroke=\"#c9d5d0\" ><\/path>\n                  <circle cx=\"0\" cy=\"320\" r=\"16\" fill=\"#114532\" stroke=\"#ffffff\" style=\"stroke-width: 2;\">4<\/circle>\n                   <text x=\"0\" y=\"324\"  text-anchor=\"middle\"          stroke=\"white\"          stroke-width=\"1px\"          > 4    <\/text>\n               <\/svg>                 \n            <\/div><div class='ms_timeline_single_toggle'><h2>Odkritje magnezija.<\/h2><\/div><div class='ms_timeline_single_toggle_text'><div class='ms_timeline_single_column_wrapp'><div class='ms_timeline_single_measure'><div class='ms_timeline_single_column image_column'><img loading=\"lazy\" decoding=\"async\" width=\"590\" height=\"701\" src=\"https:\/\/donat.wp.dev.optiweb.si\/wp-content\/uploads\/2021\/02\/tradition_4.png\" class=\"attachment-full size-full\" alt=\"\" srcset=\"https:\/\/donat.wp.dev.optiweb.si\/wp-content\/uploads\/2021\/02\/tradition_4.png 590w, https:\/\/donat.wp.dev.optiweb.si\/wp-content\/uploads\/2021\/02\/tradition_4-252x300.png 252w\" sizes=\"auto, (max-width: 590px) 100vw, 590px\" \/><\/div><div class='ms_timeline_single_column text_column'><div class='text-wrapp default-column-text '><h2>Odkritje magnezija.<\/h2><p>Leta 1907 je padla odlo\u010ditev o iskanju novih vrelcev. Pod vodstvom dr. J. Knetta so pri eni od vrtin pri\u0161li do osupljivega odkritja, da ima voda zelo visoko vsebnost magnezija, zaradi bli\u017enje Dona\u010dke gore pa so jo poimenovali Donat Mg.<\/p>\n<\/div><\/div><\/div><\/div><\/div><\/div><div class='ms_timeline_single  pos-5 img_left'>\n            <div class=\"ms_line_animate img_left \">   \n               <svg xmlns=\"http:\/\/www.w3.org\/2000\/svg\" width=\"850\" height=\"400\" viewBox=\"0 0 850 400\" preserveAspectRatio=\"xMidYMid meet\">\n                  <path class=\"path\" d=\"\tM 0 0           L 0 100         C 0 200 100 200 100 200         L 750 200       C 750 200 850 200 850 300        L 850 400  \" fill=\"none\" stroke=\"#c9d5d0\" ><\/path>\n                  <circle cx=\"850\" cy=\"320\" r=\"16\" fill=\"#114532\" stroke=\"#ffffff\" style=\"stroke-width: 2;\">5<\/circle>\n                   <text x=\"850\" y=\"324\"  text-anchor=\"middle\"          stroke=\"white\"          stroke-width=\"1px\"          > 5    <\/text>\n               <\/svg>                 \n            <\/div><div class='ms_timeline_single_toggle'><h2>Stoletje edinstvenega vrelca.<\/h2><\/div><div class='ms_timeline_single_toggle_text'><div class='ms_timeline_single_column_wrapp'><div class='ms_timeline_single_measure'><div class='ms_timeline_single_column image_column'><img loading=\"lazy\" decoding=\"async\" width=\"589\" height=\"689\" src=\"https:\/\/donat.wp.dev.optiweb.si\/wp-content\/uploads\/2021\/02\/tradition_5.png\" class=\"attachment-full size-full\" alt=\"\" srcset=\"https:\/\/donat.wp.dev.optiweb.si\/wp-content\/uploads\/2021\/02\/tradition_5.png 589w, https:\/\/donat.wp.dev.optiweb.si\/wp-content\/uploads\/2021\/02\/tradition_5-256x300.png 256w\" sizes=\"auto, (max-width: 589px) 100vw, 589px\" \/><\/div><div class='ms_timeline_single_column text_column'><div class='text-wrapp default-column-text '><h2>Stoletje edinstvenega vrelca.<\/h2><p>Kmalu po opusto\u0161enju druge svetovne vojne je znani hidrogeolog in akademik Josip Ba\u0107 uvedel koncept globinskega vrtanja, ki se je kmalu izkazal za zelo u\u010dinkovitega, saj je omogo\u010dal \u010drpanje iz globine med 280 in 606 metri. V naslednjih desetih letih so izvrtali okrog 41 vrtin, po katerih je priteklo nad petkrat ve\u010d vode kakor prej.<\/p>\n<\/div><\/div><\/div><\/div><\/div><\/div><div class='ms_timeline_single  pos-6 img_right'>\n            <div class=\"ms_line_animate img_right \">   \n               <svg xmlns=\"http:\/\/www.w3.org\/2000\/svg\" width=\"850\" height=\"400\" viewBox=\"0 0 850 400\" preserveAspectRatio=\"xMidYMid meet\">\n                  <path class=\"path\" d=\"\tM 850 0 \t\tL 850 100 \t\tC 850 200 750 200 750 200 \t\tL 100 200 \t\tC 100 200 0 200 0 300       L 0 400 \" fill=\"none\" stroke=\"#c9d5d0\" ><\/path>\n                  <circle cx=\"0\" cy=\"320\" r=\"16\" fill=\"#114532\" stroke=\"#ffffff\" style=\"stroke-width: 2;\">6<\/circle>\n                   <text x=\"0\" y=\"324\"  text-anchor=\"middle\"          stroke=\"white\"          stroke-width=\"1px\"          > 6    <\/text>\n               <\/svg>                 \n            <\/div><div class='ms_timeline_single_toggle'><h2>Nazdravite mitu.<\/h2><\/div><div class='ms_timeline_single_toggle_text'><div class='ms_timeline_single_column_wrapp'><div class='ms_timeline_single_measure'><div class='ms_timeline_single_column image_column'><img loading=\"lazy\" decoding=\"async\" width=\"590\" height=\"689\" src=\"https:\/\/donat.wp.dev.optiweb.si\/wp-content\/uploads\/2021\/02\/tradition_6.png\" class=\"attachment-full size-full\" alt=\"\" srcset=\"https:\/\/donat.wp.dev.optiweb.si\/wp-content\/uploads\/2021\/02\/tradition_6.png 590w, https:\/\/donat.wp.dev.optiweb.si\/wp-content\/uploads\/2021\/02\/tradition_6-257x300.png 257w\" sizes=\"auto, (max-width: 590px) 100vw, 590px\" \/><\/div><div class='ms_timeline_single_column text_column'><div class='text-wrapp default-column-text '><h2>Nazdravite mitu.<\/h2><p>\u010ce bi si \u017eeleli naklonjenosti katerega od bogov, bi bil Apolon zagotovo prva izbira. \u010ceprav je roga\u0161ko kislico odkril Pegaz, je bil bog lepote in zdravja tisti, ki ga je po\u017eivljajo\u010da voda tako prevzela, da se je bil pripravljen odre\u010di pitju vode s svete gore Helikon.<\/p>\n<\/div><\/div><\/div><\/div><\/div><\/div><div><div>\n\n        <\/div>\n    <\/div>\n<\/div>","protected":false},"excerpt":{"rendered":"","protected":false},"author":1,"featured_media":0,"parent":0,"menu_order":0,"comment_status":"closed","ping_status":"closed","template":"","meta":{"_acf_changed":false,"footnotes":""},"class_list":["post-4621","page","type-page","status-publish","hentry"],"acf":[],"_links":{"self":[{"href":"https:\/\/donat.wp.dev.optiweb.si\/sl\/wp-json\/wp\/v2\/pages\/4621","targetHints":{"allow":["GET"]}}],"collection":[{"href":"https:\/\/donat.wp.dev.optiweb.si\/sl\/wp-json\/wp\/v2\/pages"}],"about":[{"href":"https:\/\/donat.wp.dev.optiweb.si\/sl\/wp-json\/wp\/v2\/types\/page"}],"author":[{"embeddable":true,"href":"https:\/\/donat.wp.dev.optiweb.si\/sl\/wp-json\/wp\/v2\/users\/1"}],"replies":[{"embeddable":true,"href":"https:\/\/donat.wp.dev.optiweb.si\/sl\/wp-json\/wp\/v2\/comments?post=4621"}],"version-history":[{"count":10,"href":"https:\/\/donat.wp.dev.optiweb.si\/sl\/wp-json\/wp\/v2\/pages\/4621\/revisions"}],"predecessor-version":[{"id":181126,"href":"https:\/\/donat.wp.dev.optiweb.si\/sl\/wp-json\/wp\/v2\/pages\/4621\/revisions\/181126"}],"wp:attachment":[{"href":"https:\/\/donat.wp.dev.optiweb.si\/sl\/wp-json\/wp\/v2\/media?parent=4621"}],"curies":[{"name":"wp","href":"https:\/\/api.w.org\/{rel}","templated":true}]}}